{"id":223,"date":"2015-12-07T22:13:03","date_gmt":"2015-12-07T21:13:03","guid":{"rendered":"http:\/\/beta.dominion-beach.eu\/?page_id=223"},"modified":"2019-02-25T12:28:49","modified_gmt":"2019-02-25T11:28:49","slug":"about-palladio-73","status":"publish","type":"page","link":"https:\/\/dominion-beach.eu\/de\/about-palladio-73\/","title":{"rendered":"Resort &#038; Apartment"},"content":{"rendered":"<div class=\"row\">\n\n                 \n<div class=\"col-md-12\">\n\n                 \n<h2>\u00dcber das Dominion Beach Resort<\/h2>\n\n\t            \n\t           <!-- END .col -->\n\t           <\/div>\n\n\t            \n\t           <!-- END .row -->\n\t           <\/div>\n<div class=\"row\">\n\n                 \n<div class=\"col-md-6\">\n\n                 \n<div class=\"gallery-item \" style=\"width: 100%; height: auto;\"><a class=\"fancybox\" title=\"Dominion Beach Resort\" href=\"http:\/\/dominion-beach.eu\/wp-content\/uploads\/DB_Resort_Map.jpg\"  data-fancybox-group=\"gallery\" ><img class=\"img-responsive\" alt=\"Dominion Beach Resort\" src=\"http:\/\/dominion-beach.eu\/wp-content\/uploads\/DB_Resort_Map.jpg\"  \/><div class=\"overlay\"><div class=\"overlay-meta\"><h3>Dominion Beach Resort<\/h3><span class=\"caption\">(General Map)<\/span><\/div><\/div><\/a><\/div>\n\n\t            \n\t           <!-- END .col -->\n\t           <\/div>\n<div class=\"col-md-6\">\n\n                 \n<div class=\"gallery-item \" style=\"width: 100%; height: auto;\"><a class=\"fancybox\" title=\"Palladio 73 \u2013 Reserved Parking Space\" href=\"http:\/\/dominion-beach.eu\/wp-content\/uploads\/DB_Palladio73_Parking-Garage.jpg\"  data-fancybox-group=\"gallery\" ><img class=\"img-responsive\" alt=\"Palladio 73 \u2013 Reserved Parking Space\" src=\"http:\/\/dominion-beach.eu\/wp-content\/uploads\/DB_Palladio73_Parking-Garage.jpg\"  \/><div class=\"overlay\"><div class=\"overlay-meta\"><h3>Palladio 73 \u2013 Reserved Parking Space<\/h3><span class=\"caption\">(Bergamesco Complex)<\/span><\/div><\/div><\/a><\/div>\n\n\t            \n\t           <!-- END .col -->\n\t           <\/div>\n\n\t            \n\t           <!-- END .row -->\n\t           <\/div>\n<div class=\"row\">\n\n                 \n<div class=\"col-md-12\">\n\n                 \n<p>Das Dominion Beach Resort befindet sich direkt am spanischen Mittelmeer an der S\u00fcdk\u00fcste Spaniens unweit der andalusischen St\u00e4dte Estepona (ca. 6km), Puerto Ban\u00fas (ca. 15km) und Marbella (ca. 20km).<\/p>\n<p>Auf den beiden oberen Bildern finden Sie eine allgemeine \u00dcbersichtskarte des Dominion Beach Resorts sowie eine Detailzeichnung des exklusiv f\u00fcr das Apartment reservierten Tiefgaragen-Stellplatz.<\/p>\n<p>Die eindrucksvoll gepflegte Gartenanlage des Resorts l\u00e4dt mit ihrem typisch andalusischen Stil zum Spazieren ein. In der Anlage finden Sie zwei Swimming-Pools: der Beach Pool ist direkt am Meer gelegen und bietet an sonnigen Tagen einen weitl\u00e4ufigen Blick bis nach Gibraltar und Marokko. Direkt angrenzend finden Sie hier auch das Beach-Restaurant, welches landestypische Spezialit\u00e4ten zu moderaten Preisen anbietet. Der zweite Swimming-Pool befindet sich inmitten der Gartenanlage des Resorts und ist in den Fr\u00fch-, Herbst- und Wintermonaten potentiell beheizt (die Beheizung h\u00e4ngt grunds\u00e4tzlich von der aktuellen Anzahl der Urlaubsg\u00e4ste im Resort ab und kann daher leider nicht von uns garantiert werden).<br \/>\n\n\t            \n\t           <!-- END .col -->\n\t           <\/div>\n\n\t            \n\t           <!-- END .row -->\n\t           <\/div>\n<p>&nbsp;<\/p>\n<div class=\"row\">\n\n                 \n<div class=\"col-md-12\">\n\n                 \n<h2>\u00dcber das Apartment \u201dPalladio 73\u201d<\/h2>\n\n\t            \n\t           <!-- END .col -->\n\t           <\/div>\n\n\t            \n\t           <!-- END .row -->\n\t           <\/div>\n<div class=\"row\">\n\n                 \n<div class=\"col-md-12\">\n\n                 \n<p>Unser 140qm Penthouse Apartment befindet sich im Haus &#8222;Palladio&#8220; und bietet Ihnen neben einer liebevoll ausgesuchten Einrichtung einen vielf\u00e4ltigen Urlaubs-Komfort. Das Apartment beinhaltet die folgende Ausstattung:<\/p>\n<ul>\n<li>3 Schlafzimmer mit Doppelbetten und Einbauschr\u00e4nken<\/li>\n<li>2 Badezimmer, ausgestattet mit Badewanne, Dusche, Bidet und WC<\/li>\n<li>1 G\u00e4ste-Toilette<\/li>\n<li>1 ger\u00e4umiges Wohnzimmer mit Esstisch, Sofa-Ecke, Kamin und Schreibtisch<\/li>\n<li>1 gro\u00dfe K\u00fcche, ausgestattet mit allen Elektroger\u00e4ten, inkl. Sp\u00fcl- und Waschmaschine<\/li>\n<li>1 teil\u00fcberdachte Terrasse, erreichbar \u00fcber das Wohnzimmer und zwei Schlafzimmer<\/li>\n<li>1 Dachterrasse mit partiellem Meerblick<\/li>\n<\/ul>\n\n\t            \n\t           <!-- END .col -->\n\t           <\/div>\n\n\t            \n\t           <!-- END .row -->\n\t           <\/div>\n<p>&nbsp;<\/p>\n<div class=\"row\">\n\n                 \n<div class=\"col-md-12\">\n\n                 \n<h3>Master Schlafzimmer (mit eigenem Bad)<\/h3>\n\n\t            \n\t           <!-- END .col -->\n\t           <\/div>\n\n\t            \n\t           <!-- END .row -->\n\t           <\/div>\n<div class=\"row\">\n\n                 \n<div class=\"col-md-6\">\n\n                 \n<div class=\"gallery-item \" style=\"width: 100%; height: auto;\"><a class=\"fancybox\" title=\"Apartment\" href=\"http:\/\/dominion-beach.eu\/wp-content\/uploads\/8_DB_Schlafzimmer_1_13.jpg\"  data-fancybox-group=\"gallery\" ><img class=\"img-responsive\" alt=\"Apartment\" src=\"http:\/\/dominion-beach.eu\/wp-content\/uploads\/8_DB_Schlafzimmer_1_13.jpg\"  \/><div class=\"overlay\"><div class=\"overlay-meta\"><h3>Apartment<\/h3><span class=\"caption\">Master Bedroom<\/span><\/div><\/div><\/a><\/div>\n\n\t            \n\t           <!-- END .col -->\n\t           <\/div>\n<div class=\"col-md-6\">\n\n                 \n<div class=\"gallery-item \" style=\"width: 100%; height: auto;\"><a class=\"fancybox\" title=\"Apartment\" href=\"http:\/\/dominion-beach.eu\/wp-content\/uploads\/19_DB_BAD.jpg\"  data-fancybox-group=\"gallery\" ><img class=\"img-responsive\" alt=\"Apartment\" src=\"http:\/\/dominion-beach.eu\/wp-content\/uploads\/19_DB_BAD.jpg\"  \/><div class=\"overlay\"><div class=\"overlay-meta\"><h3>Apartment<\/h3><span class=\"caption\">Master Bathroom<\/span><\/div><\/div><\/a><\/div>\n\n\t            \n\t           <!-- END .col -->\n\t           <\/div>\n\n\t            \n\t           <!-- END .row -->\n\t           <\/div>\n<div class=\"row\">\n\n                 \n<div class=\"col-md-12\">\n\n                 \nVom 19qm grossen Schlafzimmer haben Sie direkten Zugang zu der teil\u00fcberdachten Veranda sowie zu einem eigenen, exklusiven Bad mit Whirlpool-Dusche.<br \/>\n\n\t            \n\t           <!-- END .col -->\n\t           <\/div>\n\n\t            \n\t           <!-- END .row -->\n\t           <\/div>\n<p>&nbsp;<\/p>\n<div class=\"row\">\n\n                 \n<div class=\"col-md-12\">\n\n                 \n<h3>G\u00e4ste Schlafzimmer 1<\/h3>\n\n\t            \n\t           <!-- END .col -->\n\t           <\/div>\n\n\t            \n\t           <!-- END .row -->\n\t           <\/div>\n<div class=\"row\">\n\n                 \n<div class=\"col-md-6\">\n\n                 \n<div class=\"gallery-item \" style=\"width: 100%; height: auto;\"><a class=\"fancybox\" title=\"Apartment\" href=\"http:\/\/dominion-beach.eu\/wp-content\/uploads\/DB_2017_NeueBilderIMG_3372.jpg\"  data-fancybox-group=\"gallery\" ><img class=\"img-responsive\" alt=\"Apartment\" src=\"http:\/\/dominion-beach.eu\/wp-content\/uploads\/DB_2017_NeueBilderIMG_3372.jpg\"  \/><div class=\"overlay\"><div class=\"overlay-meta\"><h3>Apartment<\/h3><span class=\"caption\">Guest Bedroom<\/span><\/div><\/div><\/a><\/div>\n\n\t            \n\t           <!-- END .col -->\n\t           <\/div>\n<div class=\"col-md-6\">\n\n                 \n<div class=\"gallery-item \" style=\"width: 100%; height: auto;\"><a class=\"fancybox\" title=\"Apartment\" href=\"http:\/\/dominion-beach.eu\/wp-content\/uploads\/SZ_2_2.jpg\"  data-fancybox-group=\"gallery\" ><img class=\"img-responsive\" alt=\"Apartment\" src=\"http:\/\/dominion-beach.eu\/wp-content\/uploads\/SZ_2_2.jpg\"  \/><div class=\"overlay\"><div class=\"overlay-meta\"><h3>Apartment<\/h3><span class=\"caption\">Guest Bedroom<\/span><\/div><\/div><\/a><\/div>\n\n\t            \n\t           <!-- END .col -->\n\t           <\/div>\n<div class=\"row\">\n\n                 \n\t            \n\t           <!-- END .row -->\n\t           <\/div>\n<div class=\"col-md-12\">\n\n                 \nDas 12qm grosse G\u00e4ste-Schlafzimmer bietet Ihnen ebenfalls einen direkten Zugang zur Terrasse.<br \/>\n\n\t            \n\t           <!-- END .col -->\n\t           <\/div>\n\n\t            \n\t           <!-- END .row -->\n\t           <\/div>\n<p>&nbsp;<\/p>\n<div class=\"row\">\n\n                 \n<div class=\"col-md-12\">\n\n                 \n<h3>G\u00e4ste Schlafzimmer 2<\/h3>\n\n\t            \n\t           <!-- END .col -->\n\t           <\/div>\n\n\t            \n\t           <!-- END .row -->\n\t           <\/div>\n<div class=\"row\">\n\n                 \n<div class=\"col-md-6\">\n\n                 \n<div class=\"gallery-item \" style=\"width: 100%; height: auto;\"><a class=\"fancybox\" title=\"Apartment\" href=\"http:\/\/dominion-beach.eu\/wp-content\/uploads\/DB_2017_NeueBilderIMG_3385.jpg \"  data-fancybox-group=\"gallery\" ><img class=\"img-responsive\" alt=\"Apartment\" src=\"http:\/\/dominion-beach.eu\/wp-content\/uploads\/DB_2017_NeueBilderIMG_3385.jpg \"  \/><div class=\"overlay\"><div class=\"overlay-meta\"><h3>Apartment<\/h3><span class=\"caption\">G\u00e4ste Schlafzimmer 2<\/span><\/div><\/div><\/a><\/div>\n\n\t            \n\t           <!-- END .col -->\n\t           <\/div>\n<div class=\"col-md-6\">\n\n                 \n<div class=\"gallery-item \" style=\"width: 100%; height: auto;\"><a class=\"fancybox\" title=\"Apartment\" href=\"http:\/\/dominion-beach.eu\/wp-content\/uploads\/DB_2017_NeueBilderIMG_3386.jpg\"  data-fancybox-group=\"gallery\" ><img class=\"img-responsive\" alt=\"Apartment\" src=\"http:\/\/dominion-beach.eu\/wp-content\/uploads\/DB_2017_NeueBilderIMG_3386.jpg\"  \/><div class=\"overlay\"><div class=\"overlay-meta\"><h3>Apartment<\/h3><span class=\"caption\">G\u00e4ste Schlafzimmer 2<\/span><\/div><\/div><\/a><\/div>\n\n\t            \n\t           <!-- END .col -->\n\t           <\/div>\n<div class=\"row\">\n\n                 \n\t            \n\t           <!-- END .row -->\n\t           <\/div>\n<div class=\"col-md-12\">\n\n                 \nDas zweite G\u00e4ste Schlafzimmer befindet sich zur Nordseite des Apartments und ist im modernen spanisch-andalusischen Landhaus-Stil eingerichtet.<br \/>\n\n\t            \n\t           <!-- END .col -->\n\t           <\/div>\n\n\t            \n\t           <!-- END .row -->\n\t           <\/div>\n<p>&nbsp;<\/p>\n<div class=\"row\">\n\n                 \n<div class=\"col-md-12\">\n\n                 \n<h3>Wohnzimmer<\/h3>\n\n\t            \n\t           <!-- END .col -->\n\t           <\/div>\n\n\t            \n\t           <!-- END .row -->\n\t           <\/div>\n<div class=\"row\">\n\n                 \n<div class=\"col-md-6\">\n\n                 \n<div class=\"gallery-item \" style=\"width: 100%; height: auto;\"><a class=\"fancybox\" title=\"Apartment\" href=\"http:\/\/dominion-beach.eu\/wp-content\/uploads\/Wohnzimmer.jpg\"  data-fancybox-group=\"gallery\" ><img class=\"img-responsive\" alt=\"Apartment\" src=\"http:\/\/dominion-beach.eu\/wp-content\/uploads\/Wohnzimmer.jpg\"  \/><div class=\"overlay\"><div class=\"overlay-meta\"><h3>Apartment<\/h3><span class=\"caption\">Living Room<\/span><\/div><\/div><\/a><\/div>\n\n\t            \n\t           <!-- END .col -->\n\t           <\/div>\n<div class=\"col-md-6\">\n\n                 \n<div class=\"gallery-item \" style=\"width: 100%; height: auto;\"><a class=\"fancybox\" title=\"Apartment\" href=\"http:\/\/dominion-beach.eu\/wp-content\/uploads\/Wohnzimmer_seitlich.jpg\"  data-fancybox-group=\"gallery\" ><img class=\"img-responsive\" alt=\"Apartment\" src=\"http:\/\/dominion-beach.eu\/wp-content\/uploads\/Wohnzimmer_seitlich.jpg\"  \/><div class=\"overlay\"><div class=\"overlay-meta\"><h3>Apartment<\/h3><span class=\"caption\">Living Room<\/span><\/div><\/div><\/a><\/div>\n\n\t            \n\t           <!-- END .col -->\n\t           <\/div>\n<div class=\"row\">\n\n                 \n\t            \n\t           <!-- END .row -->\n\t           <\/div>\n<div class=\"col-md-12\">\n\n                 \nDas 30qm grosse Wohnzimmer inkl. Kamin, Flatscreen TV, Sekret\u00e4r und Esstisch bietet ausreichend Platz zum Relaxen, Lesen und Spieleabende.<br \/>\n\n\t            \n\t           <!-- END .col -->\n\t           <\/div>\n\n\t            \n\t           <!-- END .row -->\n\t           <\/div>\n<p>&nbsp;<\/p>\n<div class=\"row\">\n\n                 \n<div class=\"col-md-12\">\n\n                 \n<h3>Dachterrasse und Veranda<\/h3>\n\n\t            \n\t           <!-- END .col -->\n\t           <\/div>\n\n\t            \n\t           <!-- END .row -->\n\t           <\/div>\n<div class=\"row\">\n\n                 \n<div class=\"col-md-6\">\n\n                 \n<div class=\"gallery-item \" style=\"width: 100%; height: auto;\"><a class=\"fancybox\" title=\"Apartment\" href=\"http:\/\/dominion-beach.eu\/wp-content\/uploads\/Dachterrasse.jpg\"  data-fancybox-group=\"gallery\" ><img class=\"img-responsive\" alt=\"Apartment\" src=\"http:\/\/dominion-beach.eu\/wp-content\/uploads\/Dachterrasse.jpg\"  \/><div class=\"overlay\"><div class=\"overlay-meta\"><h3>Apartment<\/h3><span class=\"caption\">Roof Terrace<\/span><\/div><\/div><\/a><\/div>\n\n\t            \n\t           <!-- END .col -->\n\t           <\/div>\n<div class=\"col-md-6\">\n\n                 \n<div class=\"gallery-item \" style=\"width: 100%; height: auto;\"><a class=\"fancybox\" title=\"Apartment\" href=\"http:\/\/dominion-beach.eu\/wp-content\/uploads\/Balkon_5.jpg\"  data-fancybox-group=\"gallery\" ><img class=\"img-responsive\" alt=\"Apartment\" src=\"http:\/\/dominion-beach.eu\/wp-content\/uploads\/Balkon_5.jpg\"  \/><div class=\"overlay\"><div class=\"overlay-meta\"><h3>Apartment<\/h3><span class=\"caption\">Veranda<\/span><\/div><\/div><\/a><\/div>\n\n\t            \n\t           <!-- END .col -->\n\t           <\/div>\n<div class=\"row\">\n\n                 \n\t            \n\t           <!-- END .row -->\n\t           <\/div>\n<div class=\"col-md-12\">\n\n                 \nAuf einer Gesamtfl\u00e4che von rund 140 qm befinden sich die beiden exklusiven Terrassen von \u201dPalladio \u201d73\u201d:<\/p>\n<p>Die 100 qm Dachterrasse erreicht man \u00fcber das separate Turm-Treppenhaus. Von hier aus kann man einen eingeschr\u00e4nkten Blick \u00fcber das Mittelmeer erleben. Eine andalusische Sitzecke inkl. einer BBQ-Station l\u00e4dt zu geselligen Grillabenden bei einem guten Glas Rioja ein.<\/p>\n<p>Die untere Terrasse verteilt sich auf insgesamt 40 qm und ist erreichbar \u00fcber das Wohn- sowie zwei der 3 Schlafzimmer des Apartments. Sie ist ausgestattet mit einem Esstisch, St\u00fchlen sowie verschieden Liegen. Ob ein gem\u00fctliches Fr\u00fchst\u00fcck, ein herrlicher Sonnentag oder ein unvergessliches Abendessen mit Meeresrauschen- es f\u00e4llt schwer diesen Platz zu verlassen&#8230;<\/p>\n<p>&nbsp;<\/p>\n<div class=\"row\">\n\n                 \n\t            \n\t           <!-- END .row -->\n\t           <\/div>\n<div class=\"col-md-12\">\n\n                 \n\t            \n\t           <!-- END .col -->\n\t           <\/div>\n<h3>Zus\u00e4tzliche Informationen &#038; Kontakt<\/h3>\n\n\t            \n\t           <!-- END .col -->\n\t           <\/div>\n\n\t            \n\t           <!-- END .row -->\n\t           <\/div>\n<div class=\"row\">\n\n                 \n<div class=\"col-md-12\">\n\n                 \nFalls Sie weitere Informationen ben\u00f6tigen, treten Sie gerne mit uns in <a href=\"http:\/\/dominion-beach.eu\/de\/contact\/\">Kontakt<\/a>.<\/p>\n\n\t            \n\t           <!-- END .col -->\n\t           <\/div>\n\n\t            \n\t           <!-- END .row -->\n\t           <\/div>","protected":false},"excerpt":{"rendered":"<p>&nbsp; &nbsp; &nbsp; &nbsp; &nbsp; &nbsp;<\/p>\n","protected":false},"author":1,"featured_media":0,"parent":0,"menu_order":0,"comment_status":"closed","ping_status":"closed","template":"","meta":{"_mi_skip_tracking":false},"_links":{"self":[{"href":"https:\/\/dominion-beach.eu\/de\/wp-json\/wp\/v2\/pages\/223"}],"collection":[{"href":"https:\/\/dominion-beach.eu\/de\/wp-json\/wp\/v2\/pages"}],"about":[{"href":"https:\/\/dominion-beach.eu\/de\/wp-json\/wp\/v2\/types\/page"}],"author":[{"embeddable":true,"href":"https:\/\/dominion-beach.eu\/de\/wp-json\/wp\/v2\/users\/1"}],"replies":[{"embeddable":true,"href":"https:\/\/dominion-beach.eu\/de\/wp-json\/wp\/v2\/comments?post=223"}],"version-history":[{"count":102,"href":"https:\/\/dominion-beach.eu\/de\/wp-json\/wp\/v2\/pages\/223\/revisions"}],"predecessor-version":[{"id":1100,"href":"https:\/\/dominion-beach.eu\/de\/wp-json\/wp\/v2\/pages\/223\/revisions\/1100"}],"wp:attachment":[{"href":"https:\/\/dominion-beach.eu\/de\/wp-json\/wp\/v2\/media?parent=223"}],"curies":[{"name":"wp","href":"https:\/\/api.w.org\/{rel}","templated":true}]}}