{"id":226,"date":"2015-12-07T22:26:53","date_gmt":"2015-12-07T21:26:53","guid":{"rendered":"http:\/\/beta.dominion-beach.eu\/?page_id=226"},"modified":"2016-11-07T10:35:44","modified_gmt":"2016-11-07T09:35:44","slug":"terms-conditions","status":"publish","type":"page","link":"https:\/\/dominion-beach.eu\/de\/terms-conditions\/","title":{"rendered":"Terms &#038; Conditions"},"content":{"rendered":"<div class=\"row\">\n\n                 \n<div class=\"col-md-12\">\n\n                 \n<h1>Buchungskonditionen<\/h1>\n\n\t            \n\t           <!-- END .col -->\n\t           <\/div>\n\n\t            \n\t           <!-- END .row -->\n\t           <\/div>\n<div class=\"row\">\n\n                 \n<div class=\"col-md-12\">\n\n                 \nWir w\u00fcrden uns sehr freuen, Sie als unseren Gast begr\u00fc\u00dfen zu d\u00fcrfen und erlauben uns an dieser Stelle Ihnen einige wichtige Informationen rund um unser Apartment und dem Dominion Beach Resort geben. Um sicher zu gehen, dass Sie einen angenehmen Aufenthalt haben sowie Missverst\u00e4ndnisse und Unannehmlichkeiten zu vermeiden, lesen Sie bitte vor Ihrer verbindlichen Buchung und ihrem Aufenthalt aufmerksam unsere Buchungskonditionen, die Hausordnung des Apartments sowie die allgemeinen Regeln des Dominion Beach Resort. Bei best\u00e4tigter Buchung erkl\u00e4ren Sie sich als Mieter von \u201dPalladio 73\u201d in vollem Umfang mit den nachfolgenden Konditionen einverstanden. <\/p>\n<p>S\u00e4mtliche, durch den Mieter verschuldete Besch\u00e4digungen am Mietgegenstand und\/oder am Inventar bzw. eventuelle Verluste des Inventars sind zu 100% vom Mieter zu tragen. Der Mieter hat vor Urlaubsantritt selbstst\u00e4ndig daf\u00fcr Sorge zu tragen, dass er im Besitz einer g\u00fcltigen Auslandshaftpflichtversicherung ist, um eventuell entstandene Sch\u00e4den am Apartment und\/oder Resort hierdurch vollst\u00e4ndig abdecken zu lassen. Der Mieter hat daf\u00fcr Sorge zu tragen, dass zum Ende des Urlaubes, s\u00e4mtliche Ihm \u00fcbergebenen Schl\u00fcsselbunde vollz\u00e4hlig zur\u00fcckgegeben werden. Bei Verlust hat der Mieter alle hierdurch entstandenen Aufwendungen zu tragen.<\/p>\n<p>Fahrl\u00e4ssiges Verhalten und \/oder grobe Verletzung der Hausordnung des Apartment bzw. des Dominion Beach Resorts kann unter Umst\u00e4nden eine sofortige Annullierung der Reservierung ohne R\u00fcckerstattung des Buchungsbetrages zur Folge haben. Diesbez\u00fcglich behalten wir uns zus\u00e4tzliche Schadensersatzanspr\u00fcche vor.<\/p>\n<h2>Stornierungsgeb\u00fchren:<\/h2>\n<p>&#8211; bei einer Stornierung bis 60 Tage vor Buchungsbeginn erstatten wir 100% des Gesamtbetrages<br \/>\n&#8211; bei einer Stornierung zwischen 59 und 30 Tage vor Buchungsbeginn erstatten wir 50% des Gesamtbetrages<br \/>\n&#8211; bei einer Stornierung 29 oder weniger Tage vor Buchungsbeginn berechnen wir 100% des Gesamtbetrages<\/p>\n\n\t            \n\t           <!-- END .col -->\n\t           <\/div>\n\n\t            \n\t           <!-- END .row -->\n\t           <\/div>\n<p>&nbsp;<\/p>\n<div class=\"row\">\n\n                 \n<div class=\"col-md-6\">\n\n                 \n<h1>Palladio 73 &#8211; Hausordnung <\/h1>\n<ul>\n<li>Bei Reservierung \u00fcbermitteln die G\u00e4ste dem Eigent\u00fcmer aus Sicherheitsgr\u00fcnden ihre vollst\u00e4ndigen Adressdetails sowie ein Kopie Ihres Reisepasses und\/oder Personalausweis. Diese Informationen werden vom Eigent\u00fcmer streng vertraulich behandelt.<\/li>\n<li>Die Eigent\u00fcmer stehen ihren G\u00e4sten w\u00e4hrend deren Aufenthalts hinsichtlich jeglicher Information und Unterst\u00fctzung zur Verf\u00fcgung. Im Falle einer Beschwerde hinsichtlich der Qualit\u00e4t der Unterkunft empfehlen die Eigent\u00fcmer ihren G\u00e4ste sich direkt an die Eigent\u00fcmer zu wenden, damit das Problem sofort gel\u00f6st werden kann.<\/li>\n<li>Die G\u00e4ste sind verantwortlich f\u00fcr die Sauberkeit der Wohnung. Die Eigent\u00fcmer sind nicht dazu verpflichtet, w\u00e4hrend des Aufenthaltes ihrer G\u00e4ste die Wohnung zu reinigen und\/oder den M\u00fcll zu entsorgen.<\/li>\n<li>Die Eigent\u00fcmer sind weder verpflichtet noch verantwortlich die Freizeit ihrer G\u00e4ste zu organisieren.<\/li>\n<li>Die G\u00e4ste sind selbst verantwortlich f\u00fcr ihre pers\u00f6nliche Dinge und Wertgegenst\u00e4nde in der Wohnung, die sie in der Wohnung lassen. Die Besitzer sind im Falle eines Verschwindens der Wertgegenst\u00e4nde nicht verantwortlich und empfehlen ihren G\u00e4ste grunds\u00e4tzlich s\u00e4mtliche T\u00fcren und Fenster zu schlie\u00dfen, wenn diese das Apartment verlassen.<\/li>\n<li>Die Eigent\u00fcmer haben nicht das Recht, w\u00e4hrend der Abwesenheit der G\u00e4ste das gemietete Apartment zu betreten, es sei denn, um eine potentielle Gefahr oder Sch\u00e4den im Apartment zu verhindern. In diesem Fall m\u00fcssen sie die G\u00e4ste schnellstm\u00f6glich dar\u00fcber informieren, sobald diese in das  Apartment zur\u00fcckkommen. Falls die Besitzer Grund zu der Annahme haben, dass die Hausregeln des Apartments verletzt werden, haben die G\u00e4ste ihnen Einlass in das Apartment zu gew\u00e4hren, damit sie die allgemeine Situation \u00fcberpr\u00fcfen k\u00f6nnen.<\/li>\n<li>Haustiere sind NICHT erlaubt in der Wohnung. Sollten die G\u00e4ste ohne vorherige Erlaubnis der Eigent\u00fcmer ein Haustier mit in das Apartment bringen, haben die Eigent\u00fcmer das sofortige Recht die Apartment-Reservierung ohne Kostenerstattung zu stornieren und eine Reinigungsgeb\u00fchr in H\u00f6he von 1000,- EUR zu berechnen. Die G\u00e4ste sind zudem f\u00fcr s\u00e4mtliche weitere Sch\u00e4den, die durch ihr Haustier verursacht wurde, zus\u00e4tzlich verantwortlich.<\/li>\n<li>Jegliche Waffen, brennbare und\/oder explosive Stoffen sowie Produkte mit starken oder unangenehmen Geruch sind im Apartment nicht erlaubt. <\/li>\n<li>Die G\u00e4ste werden darum gebeten die Unterkunft inklusive aller M\u00f6bel und Anstiegen Gegenst\u00e4nde behutsam zu behandeln Den G\u00e4sten ist nicht erlaubt, die M\u00f6bel zu bewegen bzw. au\u00dferhalb des Apartments (z.B. an den Strand) zu stellen oder zu einer anderen Unterkunft zu transportieren.<\/li>\n<li>Sollten die G\u00e4ste das Apartment verlassen, bitten die Eigent\u00fcmer sie darum s\u00e4mtliche Lichter und Elektroger\u00e4te auszuschalten, sowie Gas- und Wasserh\u00e4hne geschlossen zu halten. Sonnenschirme und Rolll\u00e4den sind ebenfalls bei Abwesenheit geschlossen halten. Aus \u00f6kologischen Aspekten bitten unsere G\u00e4ste freundlich darum, die Klimaanlage nur zu benutzen, wenn sie im Apartment sind. W\u00e4hrend des Betriebes des Klimaanlage sollten T\u00fcren und Fenster im Apartment geschlossen sein, um unn\u00f6tig hohen Verbrauch zu vermeiden. Das K\u00fchlen von Speisen und Getr\u00e4nken unter flie\u00dfendem Wasser ist nicht erlaubt. Es ist verboten Abf\u00e4lle in den Toiletten oder an jeglichen anderen, nicht f\u00fcr diesen Zweck vorgesehenen Orten innerhalb und ausserhalb der Apartments zu entsorgen.<\/li>\n<li>Aus \u00f6kologischen Aspekten bitten wir hiermit hiermit die G\u00e4ste ebenfalls freundlich warum Wasser und Strom zu sparen. Im Fall dass die G\u00e4ste w\u00e4hrend ihres Aufenthaltes Elektoger\u00e4te benutzen, die unverh\u00e4ltnism\u00e4ssig viel Strom verbrauchen, die die Menge des Stromverbrauchs auf ein ungew\u00f6hnlich hohes Niveau steigen l\u00e4sst. behalten sich die Eigent\u00fcmer das Recht vor, die entstandene Stromkosten nachtr\u00e4glich in Rechnung zu stellen Fragw\u00fcrdige Elektroger\u00e4te d\u00fcrfen nur  nur vorheriger Information an die Eigent\u00fcmer und deren Zustimmung benutzt werden.<\/li>\n<\/ul>\n\n\t            \n\t           <!-- END .col -->\n\t           <\/div>\n<div class=\"col-md-6\">\n\n                 \n<h1>&nbsp;<\/h1>\n<ul>\n<li>Es ist streng verboten, dass sich andere Person au\u00dfer den Mietern ohne Zustimmung der Eigent\u00fcmer innerhalb des Apartments aufhalten. Sollte sich eine andere Person, die nicht in der von den Eigent\u00fcmern best\u00e4tigten Buchungsreservierung aufgef\u00fchrt ist, in der Unterkunft aufhalten, haben die Eigent\u00fcmer das sofortige Recht, die Reservierung des Apartments ohne R\u00fcckerstattung der Kosten f\u00fcr s\u00e4mtliche G\u00e4ste innerhalb dieses Zeitraum zu stornieren. Andere G\u00e4ste des Dominion Beach Resorts, die nicht das Apartment der Eigent\u00fcmer gemietet haben, haben ebenfalls kein Recht das Apartment ohne Zustimmung der Eigent\u00fcmer zu betreten.<\/li>\n<li>Der Mieter ist dazu verpflichtet sich eigenverantwortlich um den Besitz eines g\u00fcltigen, ausl\u00e4ndischen Haftpflichtversicherung zu k\u00fcmmern, die alle m\u00f6glichen, sich ergebenden Sch\u00e4den abdeckt.<\/li>\n<li>Der Mieter ist dazu verpflichtet alle ihm ausgeh\u00e4ngten Schl\u00fcssel am Ende seines Urlaubs dem Eigent\u00fcmern vollst\u00e4ndig zur\u00fcckzugeben. Bei Verlust hat der Mieter f\u00fcr alle entstandenen Kosten Sorge zu tragen. Sowohl bei absichtlich als auch zuf\u00e4lligem Besch\u00e4digen des Eigentums des Besitzers hat der Mieter dem Besitzer den vollen Betrag in H\u00f6he des entstandenen Schadens zu erstatten. Diesbez\u00fcglich erheben die Eigent\u00fcmer bei Buchungsreservierung von Ihren G\u00e4sten eine Kaution i.H.v. 150,- EUR, die vor der Ankunft der G\u00e4ste von diesen zu entrichten ist. Die Kaution wird sp\u00e4testens 4 Wochen nach dem Abreisetag zur\u00fcckerstattet, vorrausgesetzt, dass das Apartment im gleichen Zustand von den G\u00e4sten verlassen wurde, wie sie es vorgefunden haben.<\/li>\n<li><span style=\"line-height: 1.5;\">Alle Sch\u00e4den und\/oder Verlust am und im Apartment, dessen Inventar oder im Dominion Beach Resort, sind zu 100% vom Mieter zu tragen.<\/span><\/li>\n<li>Wenn die G\u00e4ste nach 20:00 Uhr am ersten Tag anreisen, m\u00fcssen sie die Eigent\u00fcmer dar\u00fcber informieren, um zu vermeiden, dass die Eigent\u00fcmer das Apartment anderen potentiellen Mietern  anbieten, da sie evtl. davon ausgehen, dass der Mieter seine Reservierung storniert hat.<\/li>\n<li>Am Tag der Abreise bitte die Eigent\u00fcmer ihre G\u00e4ste freundlich darum die Unterkunft bis sp\u00e4testens 10:00 Uhr vormittags zu verlassen, damit genug Zeit bestehet das Apartment f\u00fcr die Ankunft potentieller  neuer G\u00e4ste um 15:00 Uhr vorzubereiten. Die G\u00e4ste haben die Pflicht, das Apartment im selben Zustand zu verlassen, wie sie vorgefunden haben, ordentlich und unbesch\u00e4digt.<\/li>\n<li>Die G\u00e4ste werden darum gebeten gebeten, die Ruhezeiten vom Apartment und Resort von 12.30 bis 15.00 Uhr und 22.00 bis 08.00 Uhr einzuhalten.<\/li>\n<li>Die Eigent\u00fcmer k\u00f6nnen auf eine sofortige Beendigung des Mietverh\u00e4ltnisses bestehen, wenn die G\u00e4ste nicht die Hausordnung des Apartments und\/oder Allgemeinen Regeln des Dominion Beach Resorts einhalten. In diesem Fall werden die G\u00e4ste trotzdem der gesamte Betrag der Buchung, unabh\u00e4ngig des k\u00fcrzeren Aufenthalts in Rechnung gestellt.<\/li>\n<li>Die Eigent\u00fcmer gehen davon aus, dass jeder Mieter mit der Hausordnung vertraut ist und dass diese s\u00e4mtliche Bedingungen und Verpflichtungen davon einvernehmlich akzeptieren. Reklamationen k\u00f6nnen nur ber\u00fccksichtigt werden, wenn sie unmittelbar w\u00e4hrend des Aufenthalts der G\u00e4stengemeldet werden. Nachtr\u00e4gliche Reklamationen werden nicht ber\u00fccksichtigt.<\/li>\n<\/ul>\n\n\t            \n\t           <!-- END .col -->\n\t           <\/div>\n\n\t            \n\t           <!-- END .row -->\n\t           <\/div>\n<p>&nbsp;<\/p>\n<div class=\"row\">\n\n                 \n<div class=\"col-md-12\">\n\n                 \n<h1>DOMINION BEACH RESORT &#8211; ALLGEMEINE REGELN<\/h1>\n<p>Jeder Mensch, der seinen Urlaub im Dominion Beach Resort verbringt m\u00f6chten die Zeit in vollen Z\u00fcgen genie\u00dfen. Ein r\u00fccksichtsvoller Umgang mit Nachbarn und anderen G\u00e4sten ist der beste Weg, um dies zu erreichen und sorgt f\u00fcr allgemeine Harmonie. Wir m\u00f6chten darauf hinweisen, dass das Dominion Beach Resort kein Hotel ist, sondern eine hochwertige Ferienwohnanlage. Die Einhaltung der folgenden Regeln ist daher f\u00fcr ein friedliches Miteinander aller Parteien von wesentlicher Bedeutung, egal ob Sie Eigent\u00fcmer Gast eines Apartments sind.<br \/>\n\n\t            \n\t           <!-- END .col -->\n\t           <\/div>\n\n\t            \n\t           <!-- END .row -->\n\t           <\/div>\n<div class=\"row\">\n\n                 \n<div class=\"col-md-6\">\n\n                 \n<h2>L\u00c4RM &amp; NACHTRUHE<\/h2>\n<p>Bitte denken Sie daran, dass starker L\u00e4rm \u2013 vor allem in der Nacht \u2013 zu einem anstrengenden \u00c4rgernis f\u00fcr ihre Nachbarn werden kann. Aus R\u00fccksicht zu ihren Nachbarn versuchen Sie bitte keine hochhackigen Schuhe im Apartment zu tragen. Halten Sie die Lautst\u00e4rke Ihres Fernsehers bzw. Ihrer Musik in und ausserhakb des Paraments im akzeptablen Bereich und benutzen Sie bitte keine Waschmaschinen, Jacuzzi (einschlie\u00dflich Umw\u00e4lzpumpen), usw\u2026 nach 00.00 Uhr. Zudem achten Sie darauf, dass alle Wasserh\u00e4hne und WC -Sp\u00fclk\u00e4sten geschlossen sind bzw. keinerlei Wasser daraus austritt, da es dadurch ebenfalls zu L\u00e4rmbel\u00e4stigungen in der Nacht kommen k\u00f6nnte.<br \/>\n\n\t            \n\t           <!-- END .col -->\n\t           <\/div>\n<div class=\"col-md-6\">\n\n                 \n<h2>\u201cAL FRESCO\u201d DINING\/PARTIES<\/h2>\n<p>Nach Mitternacht sind sowohl Eigent\u00fcmer als auch G\u00e4ste des Resorts dazu verpflichtet, die Nachtruhe ihrer Nachbarn zu respektieren und Musik, lautes Gerede und sonstigen L\u00e4rm auf ein akzeptables Ma\u00df zu reduzieren. Sollten sich Anwohner durch r\u00fccksichtslose Nachbarn gest\u00f6rt f\u00fchlen empfehlen wir den Sicherheitsdienst zu kontaktieren, um die Angelegenheit zu kl\u00e4ren.<br \/>\n\n\t            \n\t           <!-- END .col -->\n\t           <\/div>\n\n\t            \n\t           <!-- END .row -->\n\t           <\/div>\n<div class=\"row\">\n\n                 \n<div class=\"col-md-6\">\n\n                 \n<h2>W\u00c4SCHE<\/h2>\n<p>Es ist nicht erlaubt Ihre W\u00e4sche wie z.B. Kleidung, Handt\u00fccher, Teppiche, usw. auf der Terrasse und\/oder im Garten innerhalb des sichtbaren Bereich ihrer Nachbarn bzw. anderen G\u00e4ste des Resort zum Trocknen aufzuh\u00e4ngen.<\/p>\n\n\t            \n\t           <!-- END .col -->\n\t           <\/div>\n<div class=\"col-md-6\">\n\n                 \n<h2>BAUARBEITEN<\/h2>\n<p>S\u00e4mtliche Bauarbeiten m\u00fcssen beim Gemeindeamt\/Bauaufsichtsbeh\u00f6rde in Estepona angemeldet werden. Zu Weihnachten, Ostern und innerhalb der Hauptferienzeiten sind jegliche Bauarbeiten im Resort untersagt.<\/p>\n\n\t            \n\t           <!-- END .col -->\n\t           <\/div>\n\n\t            \n\t           <!-- END .row -->\n\t           <\/div>\n<div class=\"row\">\n\n                 \n<div class=\"col-md-6\">\n\n                 \n<h2>AUTOS<\/h2>\n<p>Die erlaubte H\u00f6chstgeschwindigkeit im Dominion Beach Resort ist 20 Km\/h. Parken ist nur auf den daf\u00fcr vorgesehenen R\u00e4umen gestattet. Gegen alle Autos, die auf auf gelben Linien und\/oder gef\u00e4hrlichen Positionen wie Strassenecken parken werden entsprechende Ma\u00dfnahmen eingeleitet. <\/p>\n\n\t            \n\t           <!-- END .col -->\n\t           <\/div>\n<div class=\"col-md-6\">\n\n                 \n<h2>GARAGES &amp; LAGERR\u00c4UME<\/h2>\n<p>Bitte achten Sie darauf , dass Sie keinerlei Eing\u00e4nge zu Lagerr\u00e4umen und \/ oder Notausg\u00e4ngen blockieren. Das Lagern von Gegenst\u00e4nden ausserhalb der daf\u00fcr vorgesehenen Fl\u00e4chen ist nicht erlaubt. Bitte deponieren Sie keinen M\u00fcll, alte Reifen, Batterien, etc. in der Garage. Das Rauchen in den Parkgaragen ist strengstens untersagt.<br \/>\n\n\t            \n\t           <!-- END .col -->\n\t           <\/div>\n\n\t            \n\t           <!-- END .row -->\n\t           <\/div>\n<div class=\"row\">\n\n                 \n<div class=\"col-md-6\">\n\n                 \n<h2>Gemeinschaftseigentum &amp; -r\u00e4ume<\/h2>\n<p>Bitte respektieren Sie das Gemeinschaftseigentum des Dominion Beach Resorts. Falls Sie Besch\u00e4digungen oder Vandalismus beobachten wenden Sie sich bitte unverz\u00fcglich an den Sicherheitsdienst. <\/p>\n<p>Behandeln Sie die allgemeine Ausstattung rund um die Pools mit Bedacht und achten Sie bitte streng darauf keinerlei Glasgegenst\u00e4nde im Poolbereich zu benutzen. Bitte schliessen Sie die Sonnenschirme nach Gebrauch, wenn Sie die Poolbereiche verlassen. Um Sch\u00e4den zu vermeiden und die Sicherheit anderer Badeg\u00e4ste zu gew\u00e4hrleisten sollten bei starkem Wind die Sonnenschirme ebenfalls geschlossen werden.<br \/>\n&nbsp;<\/p>\n<h2>M\u00dcll<\/h2>\n<p>Bitte deponieren Sie ihren M\u00fcll ausschliesslich in den daf\u00fcr vorgesehenen Beh\u00e4ltern. S\u00e4mtliche Abf\u00e4lle m\u00fcssen in Kunststoffbeutel verpackt und zugebunden sein, damit der Inhalt nicht in den Container ausgesch\u00fcttet wird. Bitte entsorgen Sie Flaschen und Glas in den gr\u00fcnen, Papier in den grauen und Kunststoff in den gelben M\u00fcllcontainern. Sie finden s\u00e4mtliche M\u00fcllcontainern am allgemeinen M\u00fcllentsorgungsbereich im Resort.<br \/>\n\n\t            \n\t           <!-- END .col -->\n\t           <\/div>\n<div class=\"col-md-6\">\n\n                 \n<h2>SCHWIMMBECKEN<\/h2>\n<p>Die Schwimmbecken sind f\u00fcr die alleinige Nutzung der Eigent\u00fcmer, ihrer G\u00e4ste und Mieter reserviert. Kinder unter 10 Jahren m\u00fcssen von einem Erwachsenen begleitet werden. Bitte duschen Sie sich aus Hygienegr\u00fcnden vor Betreten der Swimming Pools ab. Bitte verwenden ebenfalls die Fu\u00df-Dusche am Strand Ein- und Ausgang. Bitte benutzen Sie nicht den Pool, wenn Sie eine ansteckende Krankheit haben. Wir bitten um das Tragen entsprechender Badebekleidung am Pool getragen werden und das Verwenden eines Handtuches auf den Liegest\u00fchlen. Babys und Kleinkinder sollten im Schwimmbecken entsprechende Schwimmwindeln tragen. Nacktbaden ist nicht erlaubt! Tiere sind generell durch die lokalen Regeln und Vorschriften in allen Pool-Bereichen \u2013 auch wenn Sie an der Leine gehalten werden \u2013 verboten. Aus Sicherheitsgr\u00fcnden sind keinerlei Glaswaren im Poolbereich erlaubt. Klettern an oder rund um die Glaswand am Beach Pool ist untersagt. Spr\u00fcnge in die Swimming Pools sind ebenfalls nicht gestattet. <\/p>\n<p>Bitte werfen sie keinerlei M\u00fcll auf dem Rasen oder in den Pool und entsorgen diesen an den entsprechenden Stellen. Wasserspielzeug sollte nicht verwendet werden, wenn Sie damit andere G\u00e4ste am Pool st\u00f6ren. Die Sonnenliegen k\u00f6nnen allgemein nicht reserviert werden und m\u00fcssen nach Gebrauch an die richtige Stelle zur\u00fcckgestellt werden. Bitte vergessen Sie nicht Ihre pers\u00f6nlichen Sachen mitzunehmen, sobald sie den Pool-Bereich verlassen.<br \/>\n\n\t            \n\t           <!-- END .col -->\n\t           <\/div>\n\n\t            \n\t           <!-- END .row -->\n\t           <\/div>\n<div class=\"row\">\n\n                 \n<div class=\"col-md-6\">\n\n                 \n<h2>KINDER<\/h2>\n<p>Ballspiele , Rollschuhe, Rollerskates, Tretroller, etc. innerhalb des Resort sind nicht erlaubt. Eltern haften f\u00fcr alle von ihren Kindern in den Gemeinschaftsbereichen verursachten Sch\u00e4den. Besch\u00e4digungen und \/ oder Vandalismus melden Sie bitte unverz\u00fcglich dem Sicherheitsdienst. Das Spielen in den Garagen ist nicht erlaubt.<br \/>\n\n\t            \n\t           <!-- END .col -->\n\t           <\/div>\n<div class=\"col-md-6\">\n\n                 \n<h2>SCHILDER<\/h2>\n<p>Schilder ausserhalb eines Apartments wie z.B. in den \u00f6ffentlich sichtbaren Bereichen der Terrassen und \/oder an den Au\u00dfenw\u00e4nden der Wohnungen sind nicht erlaubt.<br \/>\n\n\t            \n\t           <!-- END .col -->\n\t           <\/div>\n\n\t            \n\t           <!-- END .row -->\n\t           <\/div>\n<div class=\"row\">\n\n                 \n<div class=\"col-md-6\">\n\n                 \n<h2>HUNDE &amp; KATZEN<\/h2>\n<p>Nach spanischem Gesetz ist ein Hundebesitzer dazu verpflichtet und die Exkremente des Hundes aufzusammeln und in geeigneter Weise zu entsorgen. Hunde sind nur in den extra daf\u00fcr ausgezeichneten Stellen rund um die Pools und Beach Bar -Bereich erlaubt. Hunde m\u00fcssen allgemein auf dem Grundst\u00fcck an der Leine gehalten werden. Wilde Katzen d\u00fcrfen nicht gef\u00fcttert werden.<br \/>\n\n\t            \n\t           <!-- END .col -->\n\t           <\/div>\n<div class=\"col-md-6\">\n\n                 \n<h2>RESTAURANT<\/h2>\n<p>Nach 20.00 Uhr werden alle G\u00e4ste des Resorts darum gebeten angemessene Kleidung an der Beach Bar und im Restaurant sowie in den umliegenden Gebieten zu tragen. Kragen- und \u00e4rmellose Hemden als auch Badekleidung geh\u00f6ren nicht dazu.<\/p>\n\n\t            \n\t           <!-- END .col -->\n\t           <\/div>\n\n\t            \n\t           <!-- END .row -->\n\t           <\/div>\n<div class=\"row\">\n\n                 \n<div class=\"col-md-6\">\n\n                 \n<h2>BESUCHER<\/h2>\n<p>Bitte informieren Sie den Sicherheitsdienst wenn Sie Familienmitglieder, Besucher, Lieferanten, Unternehmen, usw. zu Besuch erwarten.  Andernfalls ist Sicherheitsdienst dazu angewiesen Ihren Besuchern u.U. keinen Eintritt zu gew\u00e4hren. Dies ist eine allgemeine Sicherheitsvorgabe f\u00fcr den Schutz aller G\u00e4ste, damit das Resort eine in sich geschlossene und sichere Einrichtung ist.<br \/>\n\n\t            \n\t           <!-- END .col -->\n\t           <\/div>\n<div class=\"col-md-6\">\n\n                 \n<h2>Eigent\u00fcmer &#038; Mieter<\/h2>\n<p>Bitte beachten Sie, dass jeder Eigent\u00fcmer voll verantwortlich f\u00fcr das Verhalten seiner Besucher ist und dazu angehalten wird seine G\u00e4ste und Mieter \u00fcber die Regeln und Vorschriften des Resort genauestens und stetig zu informieren.<br \/>\n\n\t            \n\t           <!-- END .col -->\n\t           <\/div>\n\n\t            \n\t           <!-- END .row -->\n\t           <\/div>","protected":false},"excerpt":{"rendered":"<p>&nbsp; &nbsp;<\/p>\n","protected":false},"author":1,"featured_media":0,"parent":0,"menu_order":0,"comment_status":"closed","ping_status":"closed","template":"","meta":{"_mi_skip_tracking":false},"_links":{"self":[{"href":"https:\/\/dominion-beach.eu\/de\/wp-json\/wp\/v2\/pages\/226"}],"collection":[{"href":"https:\/\/dominion-beach.eu\/de\/wp-json\/wp\/v2\/pages"}],"about":[{"href":"https:\/\/dominion-beach.eu\/de\/wp-json\/wp\/v2\/types\/page"}],"author":[{"embeddable":true,"href":"https:\/\/dominion-beach.eu\/de\/wp-json\/wp\/v2\/users\/1"}],"replies":[{"embeddable":true,"href":"https:\/\/dominion-beach.eu\/de\/wp-json\/wp\/v2\/comments?post=226"}],"version-history":[{"count":81,"href":"https:\/\/dominion-beach.eu\/de\/wp-json\/wp\/v2\/pages\/226\/revisions"}],"predecessor-version":[{"id":930,"href":"https:\/\/dominion-beach.eu\/de\/wp-json\/wp\/v2\/pages\/226\/revisions\/930"}],"wp:attachment":[{"href":"https:\/\/dominion-beach.eu\/de\/wp-json\/wp\/v2\/media?parent=226"}],"curies":[{"name":"wp","href":"https:\/\/api.w.org\/{rel}","templated":true}]}}