{"id":230,"date":"2015-12-07T22:57:03","date_gmt":"2015-12-07T21:57:03","guid":{"rendered":"http:\/\/beta.dominion-beach.eu\/?page_id=230"},"modified":"2017-12-13T08:49:08","modified_gmt":"2017-12-13T07:49:08","slug":"faqs","status":"publish","type":"page","link":"https:\/\/dominion-beach.eu\/de\/faqs\/","title":{"rendered":"FAQs"},"content":{"rendered":"<div class=\"row\">\n\n                 \n<div class=\"col-md-12\">\n\n                 \n<h1>Frequently Asked Questions<\/h1>\n\n\t            \n\t           <!-- END .col -->\n\t           <\/div>\n\n\t            \n\t           <!-- END .row -->\n\t           <\/div>\n<p>Nachfolgend finden Sie eine Liste mit den am h\u00e4ufigsten gestellten Fragen von unseren G\u00e4sten im Vorfeld ihres Aufenthaltes:<\/p>\n<blockquote><p>Wo genau befindet sich das Apartment in Spanien? <\/p><\/blockquote>\n<p>Das Apartment befindet sich am Mittelmeer zwischen den beiden s\u00fcdspanischen Hafenst\u00e4dten Marbella und Estepona (Costa del Sol). Es ist in zweiter Reihe direkt am Meer in der Ferienanlage \u201dDominion Beach Resort\u201d gelegen. Der Fu\u00dfweg zum Strand betr\u00e4gt ca. 1min.\u00a0<\/p>\n<blockquote><p>Kann man vom Apartment aus das Meer sehen bzw. h\u00f6ren?<\/p><\/blockquote>\n<p>Ja! Sie genie\u00dfen von beiden Terrassen des Apartments einen eingeschr\u00e4nkten Meerblick durch die beiden H\u00e4userbl\u00f6cke der ersten\u00a0Apartmentreihe der Fereinanlage.<\/p>\n<blockquote><p>Was f\u00fcr G\u00e4ste sind allgemein in der Ferienanlage?<\/p><\/blockquote>\n<p>In der Ferienanlage ist meist ein internationales Publikum vertreten, welches vorwiegend aus Familien mit Kindern besteht, die dort ihren Urlaub verbringen.\u00a0<\/p>\n<blockquote><p>Was f\u00fcr ein Strand gibt es dort?<\/p><\/blockquote>\n<p>Der Strand ist eine Mischung aus Sand- und Steinstrand.<\/p>\n<blockquote><p>Gibt es Swimming-Pools in der Ferienanlage?<\/p><\/blockquote>\n<p>Ja! Es gibt zwei Swimming-Pools in der Ferienanlage. Einer davon ist direkt an der Strandpromenade mit uneingeschr\u00e4nktem Meerblick gelegen. Der andere Swimming-Poolbefindet sich im Innenbereich des Resorts. <\/p>\n<blockquote><p>Wie ist die Schl\u00fcssel\u00fcbergabe geregelt?<\/p><\/blockquote>\n<p>Die Schl\u00fcssel\u00fcbergabe findet \u00fcber die Rezeption am Eingang vom Dominion Beach Resort statt und ist zu jeder Tageszeit m\u00f6glich. N\u00e4here Informationen dazu finden Sie auf unserem G\u00e4steinformationsblatt, welches wir Ihnen bei best\u00e4tigter Buchung kurz vor Ihrem Aufenthalt zukommen lassen.<\/p>\n<blockquote><p>Wie lange ist der Anfahrtsweg vom Flughafen Malaga?<\/p><\/blockquote>\n<p>Die Fahrt von Malaga zum Apartment betr\u00e4gt ca. 50-65 min mit dem Auto. Die Schl\u00fcssel werden f\u00fcr unsere G\u00e4ste am Eingang des Resorts in einem\u00a0Safe beim Pf\u00f6rtner hinterlegt. Eine Anreise zum Abend bzw. in der Nacht ist somit kein Problem.<\/p>\n<blockquote><p>Welches ist die naheliegendste Stadt in der Umgebung?<\/p><\/blockquote>\n<p>Die n\u00e4chstgelegene Stadt ist Estepona, eine kleine, typisch spanische Hafenstadt, welche ca. 4-5 Km entfernt ist. Sie k\u00f6nnen direkt vom\u00a0Apartment in ca. 45 Min. den Strand entlang nach Estepona laufen.\u00a0<\/p>\n<blockquote><p>Gibt es irgendwelche Einkaufsm\u00f6glichkeiten im Dominion Beach Resort?<\/p><\/blockquote>\n<p>Leider Nein! Es gibt keinerlei Einkaufsm\u00f6glichkeiten innerhalb der Ferienanlage, aber ein nettes, kleines Restaurant inkl. Beach Bar mit Meerblick und einer\u00a0Vielzahl von regionalen Fleisch- und Fischspezialit\u00e4ten zu moderaten Preisen.\u00a0<\/p>\n<blockquote><p>Sollen wir ein Auto f\u00fcr unseren Aufenthalt mieten?<\/p><\/blockquote>\n<p>Wir raten all unseren G\u00e4sten ein Auto zu mieten, da die meisten touristischen Attraktionen mit dem Auto viel leichter und bequemer zu erreichen\u00a0sind. Sie finden diverse internationale Autovermietungen (Hertz, Europcar, etc&#8230;) mit Karrosserien in s\u00e4mtlichen Preiskategorien in unmittelbarer\u00a0N\u00e4he vom Flughafen in Malaga. Viele G\u00e4ste von uns haben dort ein Auto preiswert gebucht. Wir empfehlen unseren deutschsprachigen G\u00e4sten diesbez\u00fcglich die Website:\u00a0www.billiger-mietwagen.de<\/p>\n<blockquote><p>Gibt es Internet im Apartment und in der Ferienanlage?<\/p><\/blockquote>\n<p>Ja! Es gibt ein freies WLAN innerhalb der gesamten Ferienanlage sowie im Apartment. Da das WLAN jedoch von allen G\u00e4sten der Ferienanlage genutzt wird ist die Internet-Verbindung und Schnelligkeit von der jeweiligen aktuellen Anzahl der G\u00e4ste im Resort abh\u00e4ngig. Das Passwort zum Log-In finden Sie auf unserem G\u00e4steinformationsblatt, welchen wir Ihnen bei best\u00e4tigter Buchung vor Ihrem Aufenthalt zukommen lassen.<\/p>\n<blockquote><p>Sollen die G\u00e4ste Bettw\u00e4sche, Bade- und\/oder Handt\u00fccher mitbringen? <\/p><\/blockquote>\n<p>Nein! Wir legen f\u00fcr jedes Bett je einen Satz Bettw\u00e4sche sowie jeden Gast jeweils einen Satz , Bade- und Handt\u00fccher im Apartment bereit. Der Preis ist inklusive der Buchungspauschale. Ein zwischenzeitlicher Austausch der W\u00e4sche w\u00e4hrend Ihres Aufenthaltes ist f\u00fcr zus\u00e4tzliche Kosten m\u00f6glich.<\/p>\n<blockquote><p>Was f\u00fcr eine elektronische Ausstattung hat die K\u00fcche im Apartment?<\/p><\/blockquote>\n<p>In der K\u00fcche ist ein Gas-\/Elektroherd, eine Mikrowelle, eine Kaffeemaschine,  eine Waschmaschine sowie ein Geschirrsp\u00fcler vorhanden.<\/p>\n<blockquote><p>Welche besonderen Ausstattungsgegenst\u00e4nde gibt es noch im Apartment?<\/p><\/blockquote>\n<p>Im Apartment gibt es zus\u00e4tzlich 1 TV, 1 F\u00f6n, 1 B\u00fcgeleisen, sowie 1 Safe  <\/p>\n<blockquote><p>Gibt es Baby-Equipment im Apartment?<\/p><\/blockquote>\n<p>Ja! Im Apartment ist folgende Grundausstattung f\u00fcr Kleinkinder vorhanden:<\/p>\n<p>1x Kinderreisebett<br \/>\n1x Zusatz Matratze f\u00fcr das Reisebett<br \/>\n1x Kinderbettzeug<br \/>\n2 Spannbettlaken<br \/>\n1x Kinderhochstuhl<\/p>\n<p>Bite geben Sie uns im Vorfeld Ihres Aufenthaltes Bescheid, wenn Sie die Ausstattung f\u00fcr Kleinkinder ben\u00f6tigen und reinigen Sie diese zum Ende Ihres Aufenthaltes!","protected":false},"excerpt":{"rendered":"<p>Nachfolgend finden Sie eine Liste mit den am h\u00e4ufigsten gestellten Fragen von unseren G\u00e4sten im Vorfeld ihres Aufenthaltes: Wo genau befindet sich das Apartment in Spanien? Das Apartment befindet sich am Mittelmeer zwischen den beiden s\u00fcdspanischen Hafenst\u00e4dten Marbella und Estepona (Costa del Sol). Es ist in zweiter Reihe direkt am Meer in der Ferienanlage \u201dDominion [&hellip;]<\/p>\n","protected":false},"author":1,"featured_media":0,"parent":0,"menu_order":0,"comment_status":"closed","ping_status":"closed","template":"","meta":{"_mi_skip_tracking":false},"_links":{"self":[{"href":"https:\/\/dominion-beach.eu\/de\/wp-json\/wp\/v2\/pages\/230"}],"collection":[{"href":"https:\/\/dominion-beach.eu\/de\/wp-json\/wp\/v2\/pages"}],"about":[{"href":"https:\/\/dominion-beach.eu\/de\/wp-json\/wp\/v2\/types\/page"}],"author":[{"embeddable":true,"href":"https:\/\/dominion-beach.eu\/de\/wp-json\/wp\/v2\/users\/1"}],"replies":[{"embeddable":true,"href":"https:\/\/dominion-beach.eu\/de\/wp-json\/wp\/v2\/comments?post=230"}],"version-history":[{"count":19,"href":"https:\/\/dominion-beach.eu\/de\/wp-json\/wp\/v2\/pages\/230\/revisions"}],"predecessor-version":[{"id":1015,"href":"https:\/\/dominion-beach.eu\/de\/wp-json\/wp\/v2\/pages\/230\/revisions\/1015"}],"wp:attachment":[{"href":"https:\/\/dominion-beach.eu\/de\/wp-json\/wp\/v2\/media?parent=230"}],"curies":[{"name":"wp","href":"https:\/\/api.w.org\/{rel}","templated":true}]}}